{"id":422,"date":"2019-01-28T23:20:33","date_gmt":"2019-01-28T22:20:33","guid":{"rendered":"http:\/\/lafabriquedupre.fr\/wp\/?page_id=422"},"modified":"2019-01-29T00:45:49","modified_gmt":"2019-01-28T23:45:49","slug":"arts-au-pre-2010","status":"publish","type":"page","link":"http:\/\/lafabriquedupre.fr\/wp\/les-arts-au-pre\/manifestations-passees\/arts-au-pre-2010\/","title":{"rendered":"Arts au pr\u00e9 2010"},"content":{"rendered":"<h3>ARTS AU PR\u00c9 2010<\/h3>\n<p>&nbsp;<\/p>\n<p><strong>Samedi 11 septembre<\/strong><\/p>\n<p><strong>\u2013 19h30 \u2013 Caf\u00e9-th\u00e9\u00e2tre<\/strong><\/p>\n<p><em><strong> <img loading=\"lazy\" decoding=\"async\" class=\"droite\" src=\"http:\/\/www.pre-boulay.net\/galerie\/arts\/arts2010\/img\/arts-au-pre-2010-Yannick_Boitrelle.jpg\" alt=\"Denis Josselin\" align=\"right\" height=\"225\" width=\"150\"> L&rsquo;homme qui plantait des arbres<\/strong><\/em><strong> de Jean Giono<br \/>\npar la Compagnie du Voyageur solitaire<\/strong><br \/>\n5 euros, une boisson comprise.<br \/>\nBuffet apr\u00e8s le spectacle (sur r\u00e9servation au 0232481689)<\/p>\n<p>Yannick Boitrelle met en sc\u00e8ne et habite ce texte si sensible de Giono. Jean Giono, c\u2019est le voyageur immobile, l\u2019homme de Manosque. Ecrivain de proximit\u00e9, des gens, des arbres, de ces instants de vie emplis d\u2019humanit\u00e9 et de po\u00e9sie.<br \/>\nVoici l\u2019histoire d\u2019un homme qui a trouv\u00e9 un fameux moyen d\u2019\u00eatre heureux ; il nous fait partager sa science de la vie et des arbres\u2026 R\u00e9flexion po\u00e9tique sur notre statut et nos responsabilit\u00e9s de \u00ab locataire \u00bb sur cette terre. Ce peuple d\u2019arbres r\u00e9sonne en nous, ce milieu vivant de la for\u00eat nous invite au voyage\u2026<\/p>\n<h3>&nbsp;<\/h3>\n<p><strong>Samedi 12 juin de 17 heures \u00e0 minuit<\/strong><\/p>\n<p>Musique, danse, exposition, th\u00e9\u00e2tre, cin\u00e9ma<br \/>\n10 euros pour l\u2019ensemble des spectacles<br \/>\nrestauration possible sur place<\/p>\n<p>&nbsp;<\/p>\n<p><img loading=\"lazy\" decoding=\"async\" class=\"droite\" src=\"http:\/\/www.pre-boulay.net\/galerie\/arts\/arts2010\/img\/arts-au-pre_2010_image002.png\" alt=\"Ballets Willy Max\" align=\"right\" height=\"133\" width=\"200\">\u2013 <strong>18h \u2013 Danse contemporaine<\/strong><\/p>\n<p><strong>Les ballets Willy Max<\/strong><\/p>\n<p>L&rsquo;association \u00ab\u00a0les ballets Willy Max\u00a0\u00bb est compos\u00e9e d&rsquo;un collectif de danseurs contemporains, r\u00e9unissant professionnels et amateurs, tous mus par la m\u00eame passion: l&rsquo;exp\u00e9rimentation. A sa t\u00eate trois chor\u00e9graphes et interpr\u00e8tes professionnels: Mathilde Laot, Alexandre Gbeblewoo, Jean-Fran\u00e7ois Michel.<br \/>\nDes esth\u00e9tiques tr\u00e8s diff\u00e9rentes \u00e0 d\u00e9couvrir et \u00e0 partager.<\/p>\n<p>&nbsp;<\/p>\n<p><strong><img loading=\"lazy\" decoding=\"async\" class=\"droite\" src=\"http:\/\/www.pre-boulay.net\/galerie\/arts\/arts2010\/img\/arts-au-pre_2010_image002_image004.png\" alt=\"Les Aminches\" align=\"right\" height=\"122\" width=\"200\">\u2013 19h \u2013 Concert<\/strong><\/p>\n<p><strong>Les Aminches, accents d\u2019Europe Centrale<\/strong><\/p>\n<p>Frasques sc\u00e9niques sur fond de cabaret boh\u00e8me, Les Aminches d\u00e9ambulent sur leurs m\u00e9lodies festives aux couleurs d\u2019Europe Centrale.<br \/>\nIssu de l\u2019\u00e9cole des bistrots, de la rue, du voyage et des rencontres, le groupe f\u00eate cette ann\u00e9e ses quinze ann\u00e9es de route\u2026 une carri\u00e8re amicale, musicale et d\u00e9jant\u00e9e.<br \/>\nAmbiance incontr\u00f4lable et bonne humeur irraisonn\u00e9e, avec un r\u00e9pertoire qui donne \u00e0 voir, \u00e0 ou\u00efr et \u00e0 danser&nbsp;!&nbsp;<\/p>\n<p align=\"left\">Damien ZABOT <em>\u00ab&nbsp;Joskin&nbsp;\u00bb:<\/em> guitare, voix<br \/>\nTony FERCOQ <em>\u00ab&nbsp;Papou&nbsp;\u00bb<\/em><em>:<\/em> accord\u00e9on, voix<br \/>\nAlexandre MOSCA&nbsp;<em>\u00ab&nbsp;Alesk&nbsp;\u00bb<\/em> : mandoline, guitares, contrebasse, banjo, glockenspiel, voix<br \/>\nXavier NOEL&nbsp;<em>\u00ab&nbsp;Xav&nbsp;\u00bb<\/em>: violon, voix<br \/>\nFr\u00e9d\u00e9ric LEGRAND <em>\u00ab&nbsp;Freyd&nbsp;\u00bb<\/em> : percussions, batterie, po\u00e9sie<br \/>\nThomas SARAVAL <em>\u00ab&nbsp;Tom&nbsp;\u00bb<\/em>&nbsp; : violon, contrebasse, voix<\/p>\n<p><strong>&nbsp;<\/strong><br \/>\n<strong><img loading=\"lazy\" decoding=\"async\" class=\"droite\" src=\"http:\/\/www.pre-boulay.net\/galerie\/arts\/arts2010\/img\/arts-au-pre-2010-francois-josselin.jpg\" alt=\"Denis Josselin\" align=\"right\" height=\"200\" width=\"143\">\u2013 20h45 \u2013 Sur le fil<\/strong><\/p>\n<p><strong>Denis Josselin, funambule \u00ab\u00a0Le Premier Pas\u00a0\u00bb<\/strong><\/p>\n<p>Depuis toujours Th\u00e9ophile a voulu voler, conna\u00eetre l&rsquo;ivresse des hauteurs<br \/>\nDepuis toujours Th\u00e9ophile a voulu sentir le parfum du vent.<br \/>\nDepuis toujours Th\u00e9ophile a voulu \u00eatre libre.<br \/>\nUn jour, Th\u00e9ophile passa la barri\u00e8re et fit \u00ab\u00a0Le premier pas \u00a0\u00bb sur le fil.<br \/>\nDepuis et pour toujours Th\u00e9ophile est oiseau.<\/p>\n<p>Denis Josselin, le funambule de l&rsquo;\u00e9motion, fait d\u2019une travers\u00e9e, un spectacle ludique, rythm\u00e9, unique. Il permet au fil de devenir un r\u00e9el espace th\u00e9\u00e2tral, un espace de rire, de jeu, de l\u00e9g\u00e8ret\u00e9, de gr\u00e2ce, d\u2019\u00e9l\u00e9gance et d\u2019\u00e9changes avec le public. Un espace chaleureux o\u00f9 la monotonie et l\u2019ennui n\u2019ont pas droit de cit\u00e9. Il cr\u00e9e un univers charg\u00e9 d\u2019\u00e9motion o\u00f9 r\u00e8gne la po\u00e9sie.<\/p>\n<p><a href=\"http:\/\/pagesperso-orange.fr\/treteaux.la.butte\/\">Site web<\/a><\/p>\n<p>&nbsp;<\/p>\n<p><strong><img loading=\"lazy\" decoding=\"async\" class=\"droite\" src=\"http:\/\/www.pre-boulay.net\/galerie\/arts\/arts2010\/img\/arts-au-pre_2010_image002_image006.png\" alt=\"Les M\u00e9lusines\" align=\"right\" height=\"155\" width=\"150\">\u2013&nbsp;21h30 &#8211; Th\u00e9\u00e2tre<\/strong><br \/>\n<strong>Par la compagnie Les M\u00e9lusines<\/strong><\/p>\n<p><strong>\u00ab\u00a0Lettres crois\u00e9es\u00a0\u00bb<\/strong> de Jean- Paul Al\u00e8gre<br \/>\nmise en sc\u00e8ne Sylvie Trochu<\/p>\n<p>Cartes postales de vacances, lettres administratives, mots doux, post-it, rapports, circulaires, billets d&rsquo;humeur se croisent, se recoupent et se retrouvent.<br \/>\nFragments de vie et d&rsquo;itin\u00e9raires \u00e0 travers lesquels deux figures dominent: Ariane dans son grand h\u00f4pital tout blanc qui \u00e9coute Mozart et un merveilleux grand-p\u00e8re qui \u00e9crit \u00e0 un m\u00e9decin que le temps presse.<br \/>\nLettres Crois\u00e9es est une pi\u00e8ce miroir aux couleurs de la vie, gaie, dr\u00f4le, tant\u00f4t cocasse, \u00e9mouvante, triste aussi, mais toujours tendre.<br \/>\nElles sont quatre jeunes com\u00e9diennes \u00e0 donner vie \u00e0 ces quelques 60 lettres, dans un tourbillon de personnages et figures \u00e0 travers un d\u00e9cor qui se d\u00e9pouille au fil des mots et des liens qui se tissent entre elles, pour laisser place \u00e0\u2026la l\u00e9g\u00e8re gravit\u00e9 de la vie ou le contraire ?<\/p>\n<p><strong>&nbsp;<\/strong><\/p>\n<p><strong><img loading=\"lazy\" decoding=\"async\" class=\"droite\" src=\"http:\/\/www.pre-boulay.net\/galerie\/arts\/arts2010\/img\/arts-au-pre_2010_image002_image008.png\" alt=\"Buster Keaton\" align=\"right\" height=\"109\" width=\"150\">\u2013 23h \u2013 Cin\u00e9-concert<\/strong><\/p>\n<p><strong>Un long m\u00e9trage de Buster Keaton<\/strong><br \/>\n<strong>Le M\u00e9cano de la \u00ab&nbsp;General&nbsp;\u00bb<br \/>\nAcompagnement au piano : Pierre Robine<\/strong><\/p>\n<p>\u00ab J&rsquo;\u00e9tais plus fier de ce film que de tous ceux que j&rsquo;ai jamais r\u00e9alis\u00e9s \u00bb, d\u00e9clare Buster Keaton \u00e0 propos du M\u00e9cano de la \u00ab General \u00bb.<br \/>\nCette \u0153uvre, est bien la plus ma\u00eetris\u00e9e de Keaton par sa construction, son souffle, son ressort dramatique, sa mise en sc\u00e8ne, ses d\u00e9cors et la minutie de ses reconstitutions historiques. Elle s\u2019impose comme un des sommet du cin\u00e9ma muet.<br \/>\nLa G\u00e9orgie en 1861. Johnnie Gray, employ\u00e9 des chemins de fer, a deux amours : sa locomotive \u00ab\u00a0The General\u00a0\u00bb, et sa fianc\u00e9e, Annabelle Lee. Quand la guerre civile commence, il va tout de suite s&rsquo;enr\u00f4ler mais on ne veut pas de lui. Il est bien plus utile comme m\u00e9canicien. Mais il s&rsquo;imagine qu&rsquo;on l&rsquo;a repouss\u00e9 parce qu&rsquo;il n&rsquo;est pas assez costaud. Aux yeux du p\u00e8re et du fr\u00e8re d&rsquo;Annabelle, il passe pour la honte des Sudistes. Annabelle ne veut plus le revoir tant qu&rsquo;il n&rsquo;aura pas rev\u00eatu l&rsquo;uniforme\u2026<\/p>\n<p>&nbsp;<\/p>\n","protected":false},"excerpt":{"rendered":"<p>ARTS AU PR\u00c9 2010 &nbsp; Samedi 11 septembre \u2013 19h30 \u2013 Caf\u00e9-th\u00e9\u00e2tre L&rsquo;homme qui plantait des arbres de Jean Giono par la Compagnie du Voyageur solitaire 5 euros, une boisson comprise. Buffet apr\u00e8s le spectacle (sur r\u00e9servation au 0232481689) Yannick Boitrelle met en sc\u00e8ne et habite ce texte si sensible de Giono. Jean Giono, c\u2019est [&hellip;]<\/p>\n","protected":false},"author":1,"featured_media":0,"parent":30,"menu_order":0,"comment_status":"closed","ping_status":"closed","template":"","meta":{"ngg_post_thumbnail":0,"footnotes":""},"class_list":["post-422","page","type-page","status-publish","hentry"],"_links":{"self":[{"href":"http:\/\/lafabriquedupre.fr\/wp\/wp-json\/wp\/v2\/pages\/422","targetHints":{"allow":["GET"]}}],"collection":[{"href":"http:\/\/lafabriquedupre.fr\/wp\/wp-json\/wp\/v2\/pages"}],"about":[{"href":"http:\/\/lafabriquedupre.fr\/wp\/wp-json\/wp\/v2\/types\/page"}],"author":[{"embeddable":true,"href":"http:\/\/lafabriquedupre.fr\/wp\/wp-json\/wp\/v2\/users\/1"}],"replies":[{"embeddable":true,"href":"http:\/\/lafabriquedupre.fr\/wp\/wp-json\/wp\/v2\/comments?post=422"}],"version-history":[{"count":2,"href":"http:\/\/lafabriquedupre.fr\/wp\/wp-json\/wp\/v2\/pages\/422\/revisions"}],"predecessor-version":[{"id":425,"href":"http:\/\/lafabriquedupre.fr\/wp\/wp-json\/wp\/v2\/pages\/422\/revisions\/425"}],"up":[{"embeddable":true,"href":"http:\/\/lafabriquedupre.fr\/wp\/wp-json\/wp\/v2\/pages\/30"}],"wp:attachment":[{"href":"http:\/\/lafabriquedupre.fr\/wp\/wp-json\/wp\/v2\/media?parent=422"}],"curies":[{"name":"wp","href":"https:\/\/api.w.org\/{rel}","templated":true}]}}